{"id":2,"date":"2015-03-19T17:11:18","date_gmt":"2015-03-19T17:11:18","guid":{"rendered":"http:\/\/chor.local\/?page_id=2"},"modified":"2025-04-10T23:05:44","modified_gmt":"2025-04-10T21:05:44","slug":"beispiel-seite","status":"publish","type":"page","link":"https:\/\/www.colourfulvoices.de\/","title":{"rendered":"Colourful Voices"},"content":{"rendered":"<div class=\"row\">\n<div class=\" col-lg-12\">\n<hgroup>\n<h2>Herzlich willkommen!<\/h2>\n<h5 style=\"color: #555;\">Auf den folgenden Seiten pr\u00e4sentieren sich die vier Ch\u00f6re<\/h5>\n<\/hgroup>\n<p>des Vereins Colourful Voices e.V. aus Wiefelstede. Die&nbsp;Musik und der Spa\u00df am Singen verbindet bei uns \u00fcber 130&nbsp;S\u00e4ngerinnen und S\u00e4nger im Alter von 5 bis 75 Jahren. Diese&nbsp;Leidenschaft teilen wir gerne mit unseren Zuh\u00f6rerinnen und&nbsp;Zuh\u00f6rern: \u00fcber aktuelle Projekte und Konzerte halten wir&nbsp;Euch und Sie deshalb hier auf dem Laufenden. Viel Spa\u00df&nbsp;beim Durchklicken!<\/p>\n<\/div>\n<\/div>\n<div class=\"row\">\n<div class=\" col-md-6\">\n<h4><a title=\"Colourful Voices\" href=\"http:\/\/chor.local\/Colourful-voices\/\">Colourful Voices<\/a><\/h4>\n<p><img loading=\"lazy\" decoding=\"async\" class=\"img-responsive alignnone wp-image-89 size-medium\" src=\"http:\/\/www.colourfulvoices.de\/wp-content\/uploads\/2015\/03\/cv-300x245.jpg\" alt=\"cv\" width=\"300\" height=\"245\" srcset=\"https:\/\/www.colourfulvoices.de\/wp-content\/uploads\/2015\/03\/cv-300x245.jpg 300w, https:\/\/www.colourfulvoices.de\/wp-content\/uploads\/2015\/03\/cv.jpg 708w\" sizes=\"auto, (max-width: 300px) 100vw, 300px\" \/><\/p>\n<p>Der Gospelchor gab nicht nur unserem Verein den Namen,&nbsp;sondern dieser ist seit \u00fcber 12 Jahren Programm: Die&nbsp;Colourful Voices singen farbenfroh und lebendig.<\/p>\n<p><a href=\"http:\/\/www.colourfulvoices.de\/?page_id=16\">Mehr erfahren&nbsp;\u00bb<\/a>\n<\/div>\n<div class=\" col-md-6\">\n<h4><a title=\"Children of Revolution\" href=\"http:\/\/chor.local\/children-of-revolution\/\">Children of Revolution<\/a><\/h4>\n<p><img loading=\"lazy\" decoding=\"async\" class=\"img-responsive alignnone wp-image-88 size-medium\" src=\"http:\/\/www.colourfulvoices.de\/wp-content\/uploads\/2015\/03\/chor-300x246.jpg\" alt=\"chor\" width=\"300\" height=\"246\" srcset=\"https:\/\/www.colourfulvoices.de\/wp-content\/uploads\/2015\/03\/chor-300x246.jpg 300w, https:\/\/www.colourfulvoices.de\/wp-content\/uploads\/2015\/03\/chor.jpg 557w\" sizes=\"auto, (max-width: 300px) 100vw, 300px\" \/><\/p>\n<p>Wer sich f\u00fcr die Musik unseres Jugendchores Children of&nbsp;Revolution interessiert, findet hier viele Infos, Fotos und&nbsp;Aktuelles \u00fcber diesen fast 30 Stimmen starken Chor.<\/p>\n<p><a class=\"btn btn-primary\" href=\"http:\/\/www.colourfulvoices.de\/?page_id=313\">Mehr erfahren \u00bb<\/a><\/p>\n<\/div>\n<\/div>\n<div class=\"row\">\n<div class=\" col-md-6\">\n<h4><a title=\"Notenkleckse\" href=\"http:\/\/chor.local\/notenkleckse\/\">Notenkleckse<\/a><\/h4>\n<p><img loading=\"lazy\" decoding=\"async\" class=\"img-responsive alignnone wp-image-90 size-medium\" src=\"http:\/\/www.colourfulvoices.de\/wp-content\/uploads\/2015\/03\/nk-300x261.jpg\" alt=\"nk\" width=\"300\" height=\"261\" srcset=\"https:\/\/www.colourfulvoices.de\/wp-content\/uploads\/2015\/03\/nk-300x261.jpg 300w, https:\/\/www.colourfulvoices.de\/wp-content\/uploads\/2015\/03\/nk-1024x891.jpg 1024w\" sizes=\"auto, (max-width: 300px) 100vw, 300px\" \/><\/p>\n<p>Mit viel Bewegung, Schwung und Spa\u00df an der Musik singen&nbsp;unsere J\u00fcngsten ihre Lieder. Neue S\u00e4ngerinnen und S\u00e4nger&nbsp;sind jederzeit willkommen!<\/p>\n<p><a class=\"btn btn-primary\" href=\"http:\/\/www.colourfulvoices.de\/?page_id=13\">Mehr erfahren \u00bb<\/a>\n<\/div>\n<div class=\" col-md-6\">\n<h4><a title=\"Notenkleckse\" href=\"http:\/\/chor.local\/notenkleckse\/\">TonART<\/a><\/h4>\n<p><a href=\"http:\/\/www.colourfulvoices.de\/wp-content\/uploads\/2016\/08\/unnamed.jpg\"><img loading=\"lazy\" decoding=\"async\" class=\"img-responsive alignnone wp-image-487 size-medium\" src=\"http:\/\/www.colourfulvoices.de\/wp-content\/uploads\/2016\/08\/unnamed-300x172.jpg\" width=\"300\" height=\"172\" srcset=\"https:\/\/www.colourfulvoices.de\/wp-content\/uploads\/2016\/08\/unnamed-300x172.jpg 300w, https:\/\/www.colourfulvoices.de\/wp-content\/uploads\/2016\/08\/unnamed-768x439.jpg 768w, https:\/\/www.colourfulvoices.de\/wp-content\/uploads\/2016\/08\/unnamed-1024x586.jpg 1024w, https:\/\/www.colourfulvoices.de\/wp-content\/uploads\/2016\/08\/unnamed.jpg 1711w\" sizes=\"auto, (max-width: 300px) 100vw, 300px\" \/><\/a><\/p>\n<p>Der junge Chor TonART ist die neuste Gruppe des Vereins.&nbsp;Die S\u00e4ngerinnen und S\u00e4nger dieses Chores \u00fcberzeugen in&nbsp;kleiner Besetzung mit hervorragenden Stimmen.<\/p>\n<p><a class=\"btn btn-primary\" href=\"http:\/\/www.colourfulvoices.de\/?page_id=508\">Mehr erfahren \u00bb<\/a>\n<\/div>\n<\/div>\n","protected":false},"excerpt":{"rendered":"<p>Herzlich willkommen! Auf den folgenden Seiten pr\u00e4sentieren sich die vier Ch\u00f6re des Vereins Colourful Voices e.V. aus Wiefelstede. Die&nbsp;Musik und der Spa\u00df am Singen verbindet bei uns \u00fcber 130&nbsp;S\u00e4ngerinnen und S\u00e4nger im Alter von 5 bis 75 Jahren. Diese&nbsp;Leidenschaft teilen wir gerne mit unseren Zuh\u00f6rerinnen und&nbsp;Zuh\u00f6rern: \u00fcber aktuelle Projekte und Konzerte halten wir&nbsp;Euch und Sie [&hellip;]<\/p>\n","protected":false},"author":1,"featured_media":1210,"parent":0,"menu_order":0,"comment_status":"open","ping_status":"open","template":"","meta":{"footnotes":""},"class_list":["post-2","page","type-page","status-publish","has-post-thumbnail","hentry"],"_links":{"self":[{"href":"https:\/\/www.colourfulvoices.de\/index.php?rest_route=\/wp\/v2\/pages\/2","targetHints":{"allow":["GET"]}}],"collection":[{"href":"https:\/\/www.colourfulvoices.de\/index.php?rest_route=\/wp\/v2\/pages"}],"about":[{"href":"https:\/\/www.colourfulvoices.de\/index.php?rest_route=\/wp\/v2\/types\/page"}],"author":[{"embeddable":true,"href":"https:\/\/www.colourfulvoices.de\/index.php?rest_route=\/wp\/v2\/users\/1"}],"replies":[{"embeddable":true,"href":"https:\/\/www.colourfulvoices.de\/index.php?rest_route=%2Fwp%2Fv2%2Fcomments&post=2"}],"version-history":[{"count":69,"href":"https:\/\/www.colourfulvoices.de\/index.php?rest_route=\/wp\/v2\/pages\/2\/revisions"}],"predecessor-version":[{"id":1214,"href":"https:\/\/www.colourfulvoices.de\/index.php?rest_route=\/wp\/v2\/pages\/2\/revisions\/1214"}],"wp:featuredmedia":[{"embeddable":true,"href":"https:\/\/www.colourfulvoices.de\/index.php?rest_route=\/wp\/v2\/media\/1210"}],"wp:attachment":[{"href":"https:\/\/www.colourfulvoices.de\/index.php?rest_route=%2Fwp%2Fv2%2Fmedia&parent=2"}],"curies":[{"name":"wp","href":"https:\/\/api.w.org\/{rel}","templated":true}]}}