{"id":313,"date":"2015-05-02T07:22:02","date_gmt":"2015-05-02T05:22:02","guid":{"rendered":"http:\/\/chor.colourfulvoices.com\/?page_id=313"},"modified":"2016-09-06T19:07:06","modified_gmt":"2016-09-06T17:07:06","slug":"chor","status":"publish","type":"page","link":"https:\/\/www.colourfulvoices.de\/?page_id=313","title":{"rendered":"ChoR"},"content":{"rendered":"<h1>Unser Jugendchor<\/h1>\n<p><span style=\"font-weight: 400;\">Der Jugendchor, das sind wir, die Children of Revolution oder kurz ChoR. Wir sind eine lustige und\u00a0kreative Gruppe bestehend aus M\u00e4dchen und Jungen im Alter von 10-22 Jahren. S\u00e4ngerinnen und S\u00e4nger aus dem Kinderchor wechseln, wenn sie in die f\u00fcnfte oder sechste Klasse kommen zu uns oder man kommt einfach mal zur Probe zum Schnuppern am Mittwoch Abend.<\/span><\/p>\n<p><a href=\"http:\/\/www.colourfulvoices.de\/wp-content\/uploads\/2015\/05\/DSC_03731.jpg\"><img loading=\"lazy\" decoding=\"async\" class=\"alignright wp-image-440 size-thumbnail\" src=\"http:\/\/www.colourfulvoices.de\/wp-content\/uploads\/2015\/05\/DSC_03731-150x150.jpg\" alt=\"DSC_0373\" width=\"150\" height=\"150\" srcset=\"https:\/\/www.colourfulvoices.de\/wp-content\/uploads\/2015\/05\/DSC_03731-150x150.jpg 150w, https:\/\/www.colourfulvoices.de\/wp-content\/uploads\/2015\/05\/DSC_03731-250x250.jpg 250w\" sizes=\"auto, (max-width: 150px) 100vw, 150px\" \/><\/a><\/p>\n<p><span style=\"font-weight: 400;\">Wir haben neben unseren w\u00f6chentlichen Proben mittwochs von 18.00-19.30 Uhr auch weitere\u00a0Projekte alleine, oder<\/span><span style=\"font-weight: 400;\"><br \/>\n<\/span><span style=\"font-weight: 400;\">mit anderen Gruppen gemacht.\u00a0Neben einigen Konzerten die wir alleine oder mit anderen K\u00fcnstlern wie Peter Crawford gegeben haben, z.B. in der Seefelder M\u00fchle oder im Ofenerdieker Kulturzentrum, oder zusammen mit dem\u00a0Gospelchor gestalteten, pr\u00e4gen auch verschiedene Workshops wie z.B. mit Hanjo G\u00e4bler, Miriam\u00a0Held oder Michael Kerding unser Chorleben. <\/span><\/p>\n<p><span style=\"font-weight: 400;\">Des weitern haben wir in der Vergangenheit auch verschiedene Musicals aufgef\u00fchrt. Mit den\u00a0Notenklecksen war das letzte Projekt das Kindermusical \u201eEule findet den Beat\u201c. Aber auch die \u201ePantoffelpiraten\u201c aus dem Jahr 2014 haben uns viel Spa\u00df gemacht.<\/span><\/p>\n<p><a href=\"http:\/\/www.colourfulvoices.de\/wp-content\/uploads\/2015\/05\/DSC_0454.jpg\"><img loading=\"lazy\" decoding=\"async\" class=\"alignleft wp-image-443 size-thumbnail\" src=\"http:\/\/www.colourfulvoices.de\/wp-content\/uploads\/2015\/05\/DSC_0454-150x150.jpg\" alt=\"DSC_0454\" width=\"150\" height=\"150\" srcset=\"https:\/\/www.colourfulvoices.de\/wp-content\/uploads\/2015\/05\/DSC_0454-150x150.jpg 150w, https:\/\/www.colourfulvoices.de\/wp-content\/uploads\/2015\/05\/DSC_0454-250x250.jpg 250w\" sizes=\"auto, (max-width: 150px) 100vw, 150px\" \/><\/a><\/p>\n<p><span style=\"font-weight: 400;\">Damit sich die Gruppe noch besser kennen lernen kann, fahren wir alle zwei Jahre auf eine Chorfreizeit. Dort\u00a0sind wir in einer Jugendherberge untergebracht und haben viel Spa\u00df neben intensiven\u00a0Gesangsproben und Stimmbildung.\u00a0<\/span><\/p>\n<p><span style=\"font-weight: 400;\">Unser Liedgut erstreckt sich \u00fcber viele verschiedene K\u00fcnstler und Musikarten: Silbermond, Glasperlenspiel, Pharrell Williams, Adele, Ich + Ich singen, aber auch\u00a0Gospelsongs oder eher unbekannte Lieder geh\u00f6ren zu unserem Repertoire. Sowohl A-Capella oder mit Band unterst\u00fctzt, bringen wir diese St\u00fccke mit viel Freude zum Leben.<\/span><\/p>\n<p><span style=\"font-weight: 400;\">Du hast Lust neue Lieder und Leute kennen zu lernen? Aktiv was gestalten\u00a0und hast Spa\u00df am Singen? Dann komm doch einfach vorbei und sing mit uns zusammen!<\/span><br \/>\n<span style=\"font-weight: 400;\">Proben immer mittwochs, 18.00 \u2013 19.30 Uhr, in der Mensa der Oberschule in Wiefelstede<\/span><\/p>\n<p>&nbsp;<\/p>\n<h4>Musikalische Leitung<\/h4>\n<div class=\"row\">\n<div class=\" col-sm-3\">\n<a href=\"http:\/\/www.colourfulvoices.de\/wp-content\/uploads\/2016\/09\/DSC_0332-1-e1473181611257.jpg\"><img loading=\"lazy\" decoding=\"async\" class=\"alignnone wp-image-1001 size-thumbnail\" src=\"http:\/\/www.colourfulvoices.de\/wp-content\/uploads\/2016\/09\/DSC_0332-1-e1473181611257-150x150.jpg\" width=\"150\" height=\"150\" \/><\/a>\n<\/div>\n<div class=\" col-sm-9\">\n<p><strong>Imke Meier<br \/>\n<\/strong>imke.meier@colourful-voices.de<strong><br \/>\n<\/strong><\/div>\n<\/div>\n","protected":false},"excerpt":{"rendered":"<p>Unser Jugendchor Der Jugendchor, das sind wir, die Children of Revolution oder kurz ChoR. Wir sind eine lustige und\u00a0kreative Gruppe bestehend aus M\u00e4dchen und Jungen im Alter von 10-22 Jahren. S\u00e4ngerinnen und S\u00e4nger aus dem Kinderchor wechseln, wenn sie in die f\u00fcnfte oder sechste Klasse kommen zu uns oder man kommt einfach mal zur Probe [&hellip;]<\/p>\n","protected":false},"author":1,"featured_media":93,"parent":0,"menu_order":0,"comment_status":"open","ping_status":"open","template":"","meta":{"footnotes":""},"class_list":["post-313","page","type-page","status-publish","has-post-thumbnail","hentry"],"_links":{"self":[{"href":"https:\/\/www.colourfulvoices.de\/index.php?rest_route=\/wp\/v2\/pages\/313","targetHints":{"allow":["GET"]}}],"collection":[{"href":"https:\/\/www.colourfulvoices.de\/index.php?rest_route=\/wp\/v2\/pages"}],"about":[{"href":"https:\/\/www.colourfulvoices.de\/index.php?rest_route=\/wp\/v2\/types\/page"}],"author":[{"embeddable":true,"href":"https:\/\/www.colourfulvoices.de\/index.php?rest_route=\/wp\/v2\/users\/1"}],"replies":[{"embeddable":true,"href":"https:\/\/www.colourfulvoices.de\/index.php?rest_route=%2Fwp%2Fv2%2Fcomments&post=313"}],"version-history":[{"count":19,"href":"https:\/\/www.colourfulvoices.de\/index.php?rest_route=\/wp\/v2\/pages\/313\/revisions"}],"predecessor-version":[{"id":1022,"href":"https:\/\/www.colourfulvoices.de\/index.php?rest_route=\/wp\/v2\/pages\/313\/revisions\/1022"}],"wp:featuredmedia":[{"embeddable":true,"href":"https:\/\/www.colourfulvoices.de\/index.php?rest_route=\/wp\/v2\/media\/93"}],"wp:attachment":[{"href":"https:\/\/www.colourfulvoices.de\/index.php?rest_route=%2Fwp%2Fv2%2Fmedia&parent=313"}],"curies":[{"name":"wp","href":"https:\/\/api.w.org\/{rel}","templated":true}]}}