{"id":325,"date":"2015-05-02T08:18:20","date_gmt":"2015-05-02T06:18:20","guid":{"rendered":"http:\/\/chor.colourfulvoices.com\/?page_id=325"},"modified":"2025-04-04T09:34:46","modified_gmt":"2025-04-04T07:34:46","slug":"kontakt","status":"publish","type":"page","link":"https:\/\/www.colourfulvoices.de\/?page_id=325","title":{"rendered":"Kontakt"},"content":{"rendered":"<h3>Sprechen Sie mit uns!<\/h3>\n<p>Wir singen auf Ihrer Veranstaltung! Ob als reiner Chor oder gemeinsam mit unserer Band,<br \/>\nwenn Sie Interesse haben, uns f\u00fcr Ihr Event zu engagieren, sprechen Sie uns einfach an.<br \/>\nGanz einfach per Mail oder Telefon!<\/p>\n<p>Wir singen auf Empf\u00e4ngen, gesellschaftlichen Anl\u00e4ssen, auf Chortreffen und Gottesdiensten,<br \/>\neinfach \u00fcberall, wo Musik die Menschen bewegt. Von einigen St\u00fccken bis zu ganzen Konzerten.<\/p>\n<p>Ansprechpartner Colourful Voices:<br \/>\n<strong>Benjamin Meier<\/strong><br \/>\nMail: benjamin.meier@colourful-voices.de<br \/>\nTelefon:\u00a004461 &#8211; 3049759<\/p>\n<p>Ansprechpartnerin Children of Revolution:<br \/>\n<strong>Imke Meier<\/strong><br \/>\nMail: imke.meier@colourful-voices.de<br \/>\nTelefon: 04461 &#8211; 3049759<\/p>\n<p>Ansprechpartnerin Die Notenkleckse:<br \/>\n<strong>Corinna Fiedler<br \/>\n<\/strong>corinna@fiedler-audio.de<\/p>\n<p>Ansprechpartnerin TonART:<br \/>\n<strong>Imke Meier<\/strong><br \/>\nMail: imke.meier@colourful-voices.de<br \/>\nTelefon: 04461 &#8211; 3049759<\/p>\n<h3><\/h3>\n<h3>Beitrittsformular<\/h3>\n<p>Willst du auch Mitglied werden bei den Colourful Voices e.V.?<br \/>\nLade dir die Beitrittserkl\u00e4rung runter und bringe Sie zu einer Probe mit!<\/p>\n<p><a href=\"http:\/\/www.colourfulvoices.de\/wp-content\/uploads\/2018\/12\/Beitrittserkl\u00e4rung-CV-e.V.pdf\">Hier<\/a>\u00a0klicken um die Beitrittserkl\u00e4rung runterzuladen.<\/p>\n","protected":false},"excerpt":{"rendered":"<p>Sprechen Sie mit uns! Wir singen auf Ihrer Veranstaltung! Ob als reiner Chor oder gemeinsam mit unserer Band, wenn Sie Interesse haben, uns f\u00fcr Ihr Event zu engagieren, sprechen Sie uns einfach an. Ganz einfach per Mail oder Telefon! Wir singen auf Empf\u00e4ngen, gesellschaftlichen Anl\u00e4ssen, auf Chortreffen und Gottesdiensten, einfach \u00fcberall, wo Musik die Menschen [&hellip;]<\/p>\n","protected":false},"author":1,"featured_media":269,"parent":0,"menu_order":0,"comment_status":"open","ping_status":"open","template":"","meta":{"footnotes":""},"class_list":["post-325","page","type-page","status-publish","has-post-thumbnail","hentry"],"_links":{"self":[{"href":"https:\/\/www.colourfulvoices.de\/index.php?rest_route=\/wp\/v2\/pages\/325","targetHints":{"allow":["GET"]}}],"collection":[{"href":"https:\/\/www.colourfulvoices.de\/index.php?rest_route=\/wp\/v2\/pages"}],"about":[{"href":"https:\/\/www.colourfulvoices.de\/index.php?rest_route=\/wp\/v2\/types\/page"}],"author":[{"embeddable":true,"href":"https:\/\/www.colourfulvoices.de\/index.php?rest_route=\/wp\/v2\/users\/1"}],"replies":[{"embeddable":true,"href":"https:\/\/www.colourfulvoices.de\/index.php?rest_route=%2Fwp%2Fv2%2Fcomments&post=325"}],"version-history":[{"count":19,"href":"https:\/\/www.colourfulvoices.de\/index.php?rest_route=\/wp\/v2\/pages\/325\/revisions"}],"predecessor-version":[{"id":1202,"href":"https:\/\/www.colourfulvoices.de\/index.php?rest_route=\/wp\/v2\/pages\/325\/revisions\/1202"}],"wp:featuredmedia":[{"embeddable":true,"href":"https:\/\/www.colourfulvoices.de\/index.php?rest_route=\/wp\/v2\/media\/269"}],"wp:attachment":[{"href":"https:\/\/www.colourfulvoices.de\/index.php?rest_route=%2Fwp%2Fv2%2Fmedia&parent=325"}],"curies":[{"name":"wp","href":"https:\/\/api.w.org\/{rel}","templated":true}]}}