{"id":508,"date":"2016-08-28T15:43:30","date_gmt":"2016-08-28T13:43:30","guid":{"rendered":"http:\/\/chor.colourfulvoices.com\/?page_id=508"},"modified":"2016-09-07T22:41:12","modified_gmt":"2016-09-07T20:41:12","slug":"508-2","status":"publish","type":"page","link":"https:\/\/www.colourfulvoices.de\/?page_id=508","title":{"rendered":"TonART"},"content":{"rendered":"<h2>TonART<\/h2>\n<p><span style=\"font-weight: 400;\">Einige ehemalige Mitglieder des Vereins hatten den Wunsch, wieder in einem Chor zu singen, doch der zeitliche Aspekt sich w\u00f6chentlich zu treffen konnte mit dem pers\u00f6nlichen Zeitplan nicht vereinbart werden. Daher entstand die Idee einen Chor zu gr\u00fcnden der nicht w\u00f6chentlich probt, sondern flexibler ist.<br \/>\nSo entstand TonART.<br \/>\nDie Probenzeiten haben sich bei dem Chor nun auf alle zwei Wochen sonntags eingespielt. <\/span><\/p>\n<p><span style=\"font-weight: 400;\">Durch die etwas anderen Probentermine sind auch Au\u00dfenstehende auf unseren Chor aufmerksam geworden und somit sind wir nun eine bunt gemischte Gruppe von Leuten aus Wiefelstede bis Bremen. Wir haben viel Spa\u00df an den Proben und konnten unser Liedgut schon auf einigen Hochzeiten unter Beweis stellen. Neben Soloauftritten sind wir schon mit den Folk Birds und mit den anderen Ch\u00f6ren des Vereins aufgetreten.<\/span><\/p>\n<p><span style=\"font-weight: 400;\">Unser Repertoire\u00a0erstreckt sich auf etwas anspruchsvollere Lieder die 4 Stimmig gesungen werden. Sowohl bekannte Pop Songs als auch eher unbekannte Lieder geben wir zum Besten. <\/span><\/p>\n<p>&nbsp;<\/p>\n<h4>Musikalische Leitung<\/h4>\n<div class=\"row\">\n<div class=\" col-sm-3\">\n<a href=\"http:\/\/www.colourfulvoices.de\/wp-content\/uploads\/2016\/09\/DSC_0332-1-e1473181703755.jpg\"><img loading=\"lazy\" decoding=\"async\" class=\"alignnone wp-image-1001 size-thumbnail\" src=\"http:\/\/www.colourfulvoices.de\/wp-content\/uploads\/2016\/09\/DSC_0332-1-e1473181703755-150x150.jpg\" width=\"150\" height=\"150\" srcset=\"https:\/\/www.colourfulvoices.de\/wp-content\/uploads\/2016\/09\/DSC_0332-1-e1473181703755-150x150.jpg 150w, https:\/\/www.colourfulvoices.de\/wp-content\/uploads\/2016\/09\/DSC_0332-1-e1473181703755-250x250.jpg 250w\" sizes=\"auto, (max-width: 150px) 100vw, 150px\" \/><\/a>\n<\/div>\n<div class=\" col-sm-9\">\n<p><strong>Imke Meier<br \/>\n<\/strong>imke.meier@colourful-voices.de<strong><br \/>\n<\/strong><\/div>\n<\/div>\n","protected":false},"excerpt":{"rendered":"<p>TonART Einige ehemalige Mitglieder des Vereins hatten den Wunsch, wieder in einem Chor zu singen, doch der zeitliche Aspekt sich w\u00f6chentlich zu treffen konnte mit dem pers\u00f6nlichen Zeitplan nicht vereinbart werden. Daher entstand die Idee einen Chor zu gr\u00fcnden der nicht w\u00f6chentlich probt, sondern flexibler ist. So entstand TonART. Die Probenzeiten haben sich bei dem [&hellip;]<\/p>\n","protected":false},"author":1,"featured_media":521,"parent":0,"menu_order":0,"comment_status":"closed","ping_status":"closed","template":"","meta":{"footnotes":""},"class_list":["post-508","page","type-page","status-publish","has-post-thumbnail","hentry"],"_links":{"self":[{"href":"https:\/\/www.colourfulvoices.de\/index.php?rest_route=\/wp\/v2\/pages\/508","targetHints":{"allow":["GET"]}}],"collection":[{"href":"https:\/\/www.colourfulvoices.de\/index.php?rest_route=\/wp\/v2\/pages"}],"about":[{"href":"https:\/\/www.colourfulvoices.de\/index.php?rest_route=\/wp\/v2\/types\/page"}],"author":[{"embeddable":true,"href":"https:\/\/www.colourfulvoices.de\/index.php?rest_route=\/wp\/v2\/users\/1"}],"replies":[{"embeddable":true,"href":"https:\/\/www.colourfulvoices.de\/index.php?rest_route=%2Fwp%2Fv2%2Fcomments&post=508"}],"version-history":[{"count":12,"href":"https:\/\/www.colourfulvoices.de\/index.php?rest_route=\/wp\/v2\/pages\/508\/revisions"}],"predecessor-version":[{"id":1038,"href":"https:\/\/www.colourfulvoices.de\/index.php?rest_route=\/wp\/v2\/pages\/508\/revisions\/1038"}],"wp:featuredmedia":[{"embeddable":true,"href":"https:\/\/www.colourfulvoices.de\/index.php?rest_route=\/wp\/v2\/media\/521"}],"wp:attachment":[{"href":"https:\/\/www.colourfulvoices.de\/index.php?rest_route=%2Fwp%2Fv2%2Fmedia&parent=508"}],"curies":[{"name":"wp","href":"https:\/\/api.w.org\/{rel}","templated":true}]}}